{"id":22,"date":"2013-11-05T18:22:32","date_gmt":"2013-11-05T17:22:32","guid":{"rendered":"http:\/\/www.cadenede.com\/v3\/?page_id=22"},"modified":"2017-09-25T21:12:46","modified_gmt":"2017-09-25T20:12:46","slug":"testimonies-memories","status":"publish","type":"page","link":"https:\/\/new.cadenede.com\/en\/testimonies-memories\/","title":{"rendered":"Testimonies and memories"},"content":{"rendered":"<h2>Testimonies<\/h2>\n<p><strong>Sophie \u2013 UK-\u00a0 August 2017<\/strong><\/p>\n<p>I just wanted to say a massive thank you for our stay at La Cadenede, we all had the most amazing time and the house was beautiful and perfect for the occasion! I couldn\u2019t have thought of a better place to spend my 21st birthday and end to our summer holidays!\u00a0 We went on some lovely bike rides and walks during the day and had nice dinners out by the pool! We loved it so much one of my friends is thinking of returning next summer for his 21st. We hope to return again soon!<\/p>\n<p><strong>Jacques\u00a0 &#8211; France &#8211;\u00a0 Avril 2017<br \/>\n<\/strong>Vraiment super et sans mauvaises surprises!<br \/>\nUn propri\u00e9taire vraiment sympa, des d\u00e9marches et des explications sans surprises. Conseils pratiques sur les lieux et la r\u00e9gion. Accueil et visite des lieux qui correspondent \u00e0 nos attentes. Nous \u00e9tions 20 adultes et 5 enfants avec chacun notre intimit\u00e9 dans le ch\u00e2teau. La salle de repas est fonctionnelle et bien \u00e9quip\u00e9e. La cuisine d&rsquo;\u00e9t\u00e9 devant la piscine nous a permis de passer des moments en ext\u00e9rieur vraiment super avec un paysage \u00e9poustouflant. La r\u00e9gion est pleine de surprises et offre de belles balades. Je recommande vraiment cette location en famille ou entre amis ce qui \u00e9tait notre cas. Un grand merci au propri\u00e9taire.<\/p>\n<p><strong>Annick \u00a0&#8211; France &#8211;\u00a0 Ao\u00fbt 2016<br \/>\n<\/strong>Lieu et h\u00e9bergement exceptionnels\u00a0!<br \/>\nGrande propri\u00e9t\u00e9 de caract\u00e8re charg\u00e9e d&rsquo;histoire pouvant accueillir plus de 30 personnes tr\u00e8s confortablement. Vue imprenable sur les montagnes et le viaduc de Millau. Beaucoup d&rsquo;activit\u00e9s possibles sur place : grande piscine, aire pour jeu de boules, balan\u00e7oires, ping-pong, volley-ball, VTT, billard&#8230; Tr\u00e8s agr\u00e9able grande cuisine\/salle \u00e0 manger en ext\u00e9rieur. Excellent accueil par Jean-Louis qui a \u00e9t\u00e9 tr\u00e8s r\u00e9actif pour r\u00e9gler un probl\u00e8me de petite invasion d&rsquo;insectes en milieu de s\u00e9jour. NOUS RECOMMANDONS CHAUDEMENT !!! (la piscine gagnerait \u00e0 \u00eatre un peu mieux prot\u00e9g\u00e9e pour de tr\u00e8s jeunes enfants) Le magasin Graine d&rsquo;Ortie &#8211; alimentation bio (05 65 60 30 06) nous a assur\u00e9 une importante livraison le jour de notre arriv\u00e9e et par 2 fois, M. Bousquet, traiteur, nous a livr\u00e9 de tr\u00e8s bons repas tout pr\u00e9par\u00e9s (06 71 93 10 34). Beaucoup d&rsquo;activit\u00e9s et de visites possibles aux alentours imm\u00e9diats dont randos, le march\u00e9 couvert et le mus\u00e9e de Millau, ainsi que la visite de la ganterie Causse &#8211; le v\u00e9lo-rail de St Eulalie de Cernon (pr\u00e9f\u00e9rable de r\u00e9server \u00e0 l&rsquo;avance et pr\u00e9voir de s&rsquo;arr\u00eater \u00e0 St Eulalie pour une petite visite du village)&#8230; plus loin, le mus\u00e9e Pierre Soulages \u00e0 Rodez&#8230;<\/p>\n<p><strong>Christine \u2013 France &#8211; <\/strong>A<strong>o\u00fbt 2016<br \/>\n<\/strong>Magnifique!<br \/>\nD\u00e9j\u00e0 magnifique en images, le ch\u00e2teau tient ses promesses, les photos sont fid\u00e8les \u00e0 ce lieu d\u2019exception. Un cadre idyllique avec vue spectaculaire sur le Viaduc de Millau de jour comme de nuit. Nous avons pass\u00e9 un agr\u00e9able s\u00e9jour \u00e0 l&rsquo;occasion de retrouvailles familiales. (de 10 ans \u00e0 82 ans). Les +, linge de maison sur place, le nettoyage en fin de s\u00e9jour, le calme, une belle et grande piscine avec assez de transats, une tr\u00e8s grande cuisine d\u2019\u00e9t\u00e9 tr\u00e8s bien \u00e9quip\u00e9e en plats, (il faudrait juste quelques nouvelles po\u00eales), mat\u00e9riel de cuisson, cuisini\u00e8re, four, barbecue, table de ping-pong, table de billard, baby-foot\u2026. Merci pour le chaleureux accueil de Jean-Louis et la gentillesse de Philippe Malaval, le propri\u00e9taire. Bref une vraie vie de ch\u00e2teau que nous esp\u00e9rons bient\u00f4t revivre.<\/p>\n<p><strong>Peter \u00a0&#8211; UK &#8211; June 2016<br \/>\n<\/strong>Parfait!<br \/>\nCher Philippe, Julia et moi sommes maintenant install\u00e9s dans notre appartement \u00e0 Lerici. Nos pens\u00e9es sont remplies de souvenirs heureux de notre s\u00e9jour \u00e0 La Caden\u00e8de. Avec notre famille dans la premi\u00e8re semaine et nos amis dans le second, notre temps a \u00e9t\u00e9 d\u00e9pens\u00e9 dans le bonheur et la joie. Nous avons \u00e9t\u00e9 enchant\u00e9s par la magie du ch\u00e2teau et il y aura toujours une place dans nos c\u0153urs! Merci pour votre accueil chaleureux et pour l&rsquo;amiti\u00e9 montr\u00e9 \u00e0 nous par Jean-Louis. Il \u00e9tait toujours disponible pour nous s&rsquo;il y avait des petits probl\u00e8mes. Nous avons particuli\u00e8rement aim\u00e9 la grande chemin\u00e9e, les magnifiques salles \u00e0 manger, la table de ping-pong, la cour pleine d&rsquo;\u00e9chos, les vues spectaculaires de la nature et de l&rsquo;invention de l&rsquo;homme (le viaduc!), Le chant des alouettes, les abeilles grouillant dans la haie, le terrain de p\u00e9tanque, la piscine cristalline, le myst\u00e8re des si\u00e8cles d&rsquo;occupation et une visite de la Reine Elizabeth &#8211; pour ne citer que quelques-uns de nos d\u00e9lices!<\/p>\n<p><strong>Laurent \u2013 France \u2013 Sept 2015<br \/>\n<\/strong>Fantastique<br \/>\nUne destination \u00e0 partager entre amis ou en famille ! Le cadre est somptueux et l&rsquo;accueil de Philippe fait partis \u00e9galement du voyage. Je garderai de mon passage un souvenir grandiose tant par la beaut\u00e9 du site que par la possibilit\u00e9 de partager un tel lieu avec des amis. Billard, Piscine, Ping Pong, barbecue, cache cache !!!&#8230;&#8230;, des repas gargantuesque digne du salon et de l&rsquo;imposante chemin\u00e9e ! A faire et \u00e0 refaire !<\/p>\n<p><strong>Katia \u00a0&#8211; UK &#8211; A<\/strong><strong>o\u00fbt 2015<br \/>\n<\/strong>Espace et libert\u00e9, confort et saut dans l&rsquo;histoire<br \/>\nTrouver un tel endroit \u00e9tait inesp\u00e9r\u00e9, un endroit perch\u00e9 sur une colline, isol\u00e9 du monde, o\u00f9 l&rsquo;on peut vivre autour de la piscine, cuisiner ou pas, faire la f\u00eate tous les soirs sans r\u00e9veiller les enfants bien \u00e0 l&rsquo;abri des murs templiers qui ont vu 7 si\u00e8cles d&rsquo;histoire, jouer \u00e0 cache-cache, et admirer la merveille d&rsquo;architecture moderne depuis son transat&#8230; voil\u00e0 3 ann\u00e9es que nous revivons l&rsquo;exp\u00e9rience avec notre groupe d&rsquo;amis et nous vivrons la 4\u00e8me cet \u00e9t\u00e9. A noter la gentillesse du propri\u00e9taire et de Jean Louis qui nous accueille sur place. Les \u00e9quipements annonc\u00e9s sont r\u00e9els. Je recommande sans h\u00e9sitation cet endroit unique.<\/p>\n<p><strong>Ad\u00e8le \u2013 France \u2013 Aout 2015<br \/>\n<\/strong>Libert\u00e9 et tranquillit\u00e9<br \/>\nEspace, tranquillit\u00e9, panorama, s&rsquo;ajoutent aux qualit\u00e9s de la b\u00e2tisse, son caract\u00e8re, ses volumes, sa piscine, et permettent un s\u00e9jour de r\u00eave pour Grands et petits. Les activit\u00e9s ne manquent pas dans les environs. Nous y retournons une fois de plus !<\/p>\n<p><strong>Yasmine \u2013 France &#8211; Aout 2015<br \/>\n<\/strong>Cadre superbe<br \/>\nS\u00e9jour entre amis pour la troisi\u00e8me ann\u00e9e cons\u00e9cutive. Environnement magique et demeure id\u00e9alement \u00e9quip\u00e9e pour un grand groupe. La tranquillit\u00e9 et la configuration des lieux permettent de combiner les soir\u00e9es festives au bord de la piscine (cuisine d&rsquo;\u00e9t\u00e9 bien \u00e9quip\u00e9e) et les nuits tranquilles au ch\u00e2teau un peu en retrait. Belles balades dans les environs.<\/p>\n<p><strong>Nicolas \u2013 France &#8211; Aout 2015<br \/>\n<\/strong>La Vie de Ch\u00e2teau !<br \/>\nUn superbe endroit en pleine nature o\u00f9 nous avons plaisir \u00e0 nous retrouver depuis plusieurs ann\u00e9es avec des couples d&rsquo;amis en famille. Une grande piscine qui fait la joie des enfants avec une vue sur le magnifique pont de Millau et une cuisine d&rsquo;\u00e9t\u00e9 tr\u00e8s appr\u00e9ci\u00e9e. Les alentours sont propices \u00e0 de belles randonn\u00e9es de tout genre. Un petit bonheur de vacances en famille et entre amis<\/p>\n<p><strong>Annick \u00a0&#8211; France &#8211;\u00a0 Ao\u00fbt 2016<br \/>\n<\/strong>Lieu et h\u00e9bergement exceptionnels\u00a0!<br \/>\nGrande propri\u00e9t\u00e9 de caract\u00e8re charg\u00e9e d&rsquo;histoire pouvant accueillir plus de 30 personnes tr\u00e8s confortablement. Vue imprenable sur les montagnes et le viaduc de Millau. Beaucoup d&rsquo;activit\u00e9s possibles sur place : grande piscine, aire pour jeu de boules, balan\u00e7oires, ping-pong, volley-ball, VTT, billard&#8230; Tr\u00e8s agr\u00e9able grande cuisine\/salle \u00e0 manger en ext\u00e9rieur. Excellent accueil par Jean-Louis qui a \u00e9t\u00e9 tr\u00e8s r\u00e9actif pour r\u00e9gler un probl\u00e8me de petite invasion d&rsquo;insectes en milieu de s\u00e9jour. NOUS RECOMMANDONS CHAUDEMENT !!! (la piscine gagnerait \u00e0 \u00eatre un peu mieux prot\u00e9g\u00e9e pour de tr\u00e8s jeunes enfants) Le magasin Graine d&rsquo;Ortie &#8211; alimentation bio (05 65 60 30 06) nous a assur\u00e9 une importante livraison le jour de notre arriv\u00e9e et par 2 fois, M. Bousquet, traiteur, nous a livr\u00e9 de tr\u00e8s bons repas tout pr\u00e9par\u00e9s (06 71 93 10 34). Beaucoup d&rsquo;activit\u00e9s et de visites possibles aux alentours imm\u00e9diats dont randos, le march\u00e9 couvert et le mus\u00e9e de Millau, ainsi que la visite de la ganterie Causse &#8211; le v\u00e9lo-rail de St Eulalie de Cernon (pr\u00e9f\u00e9rable de r\u00e9server \u00e0 l&rsquo;avance et pr\u00e9voir de s&rsquo;arr\u00eater \u00e0 St Eulalie pour une petite visite du village)&#8230; plus loin, le mus\u00e9e Pierre Soulages \u00e0 Rodez&#8230;<\/p>\n<p><strong>Christine \u2013 France &#8211; <\/strong>A<strong>o\u00fbt 2016<br \/>\n<\/strong>Magnifique!<br \/>\nD\u00e9j\u00e0 magnifique en images, le ch\u00e2teau tient ses promesses, les photos sont fid\u00e8les \u00e0 ce lieu d\u2019exception. Un cadre idyllique avec vue spectaculaire sur le Viaduc de Millau de jour comme de nuit. Nous avons pass\u00e9 un agr\u00e9able s\u00e9jour \u00e0 l&rsquo;occasion de retrouvailles familiales. (de 10 ans \u00e0 82 ans). Les +, linge de maison sur place, le nettoyage en fin de s\u00e9jour, le calme, une belle et grande piscine avec assez de transats, une tr\u00e8s grande cuisine d\u2019\u00e9t\u00e9 tr\u00e8s bien \u00e9quip\u00e9e en plats, (il faudrait juste quelques nouvelles po\u00eales), mat\u00e9riel de cuisson, cuisini\u00e8re, four, barbecue, table de ping-pong, table de billard, baby-foot\u2026. Merci pour le chaleureux accueil de Jean-Louis et la gentillesse de Philippe Malaval, le propri\u00e9taire. Bref une vraie vie de ch\u00e2teau que nous esp\u00e9rons bient\u00f4t revivre.<\/p>\n<p><strong>Peter \u00a0&#8211; UK &#8211; June 2016<br \/>\n<\/strong>Parfait!<br \/>\nCher Philippe, Julia et moi sommes maintenant install\u00e9s dans notre appartement \u00e0 Lerici. Nos pens\u00e9es sont remplies de souvenirs heureux de notre s\u00e9jour \u00e0 La Caden\u00e8de. Avec notre famille dans la premi\u00e8re semaine et nos amis dans le second, notre temps a \u00e9t\u00e9 d\u00e9pens\u00e9 dans le bonheur et la joie. Nous avons \u00e9t\u00e9 enchant\u00e9s par la magie du ch\u00e2teau et il y aura toujours une place dans nos c\u0153urs! Merci pour votre accueil chaleureux et pour l&rsquo;amiti\u00e9 montr\u00e9 \u00e0 nous par Jean-Louis. Il \u00e9tait toujours disponible pour nous s&rsquo;il y avait des petits probl\u00e8mes. Nous avons particuli\u00e8rement aim\u00e9 la grande chemin\u00e9e, les magnifiques salles \u00e0 manger, la table de ping-pong, la cour pleine d&rsquo;\u00e9chos, les vues spectaculaires de la nature et de l&rsquo;invention de l&rsquo;homme (le viaduc!), Le chant des alouettes, les abeilles grouillant dans la haie, le terrain de p\u00e9tanque, la piscine cristalline, le myst\u00e8re des si\u00e8cles d&rsquo;occupation et une visite de la Reine Elizabeth &#8211; pour ne citer que quelques-uns de nos d\u00e9lices!<\/p>\n<p><strong>Laurent \u2013 France \u2013 Sept 2015<br \/>\n<\/strong>Fantastique<br \/>\nUne destination \u00e0 partager entre amis ou en famille ! Le cadre est somptueux et l&rsquo;accueil de Philippe fait partis \u00e9galement du voyage. Je garderai de mon passage un souvenir grandiose tant par la beaut\u00e9 du site que par la possibilit\u00e9 de partager un tel lieu avec des amis. Billard, Piscine, Ping Pong, barbecue, cache cache !!!&#8230;&#8230;, des repas gargantuesque digne du salon et de l&rsquo;imposante chemin\u00e9e ! A faire et \u00e0 refaire !<\/p>\n<p><strong>Katia \u00a0&#8211; UK &#8211; A<\/strong><strong>o\u00fbt 2015<br \/>\n<\/strong>Espace et libert\u00e9, confort et saut dans l&rsquo;histoire<br \/>\nTrouver un tel endroit \u00e9tait inesp\u00e9r\u00e9, un endroit perch\u00e9 sur une colline, isol\u00e9 du monde, o\u00f9 l&rsquo;on peut vivre autour de la piscine, cuisiner ou pas, faire la f\u00eate tous les soirs sans r\u00e9veiller les enfants bien \u00e0 l&rsquo;abri des murs templiers qui ont vu 7 si\u00e8cles d&rsquo;histoire, jouer \u00e0 cache-cache, et admirer la merveille d&rsquo;architecture moderne depuis son transat&#8230; voil\u00e0 3 ann\u00e9es que nous revivons l&rsquo;exp\u00e9rience avec notre groupe d&rsquo;amis et nous vivrons la 4\u00e8me cet \u00e9t\u00e9. A noter la gentillesse du propri\u00e9taire et de Jean Louis qui nous accueille sur place. Les \u00e9quipements annonc\u00e9s sont r\u00e9els. Je recommande sans h\u00e9sitation cet endroit unique.<\/p>\n<p><strong>Ad\u00e8le \u2013 France \u2013 Aout 2015<br \/>\n<\/strong>Libert\u00e9 et tranquillit\u00e9<br \/>\nEspace, tranquillit\u00e9, panorama, s&rsquo;ajoutent aux qualit\u00e9s de la b\u00e2tisse, son caract\u00e8re, ses volumes, sa piscine, et permettent un s\u00e9jour de r\u00eave pour Grands et petits. Les activit\u00e9s ne manquent pas dans les environs. Nous y retournons une fois de plus !<\/p>\n<p><strong>Yasmine \u2013 France &#8211; Aout 2015<br \/>\n<\/strong>Cadre superbe<br \/>\nS\u00e9jour entre amis pour la troisi\u00e8me ann\u00e9e cons\u00e9cutive. Environnement magique et demeure id\u00e9alement \u00e9quip\u00e9e pour un grand groupe. La tranquillit\u00e9 et la configuration des lieux permettent de combiner les soir\u00e9es festives au bord de la piscine (cuisine d&rsquo;\u00e9t\u00e9 bien \u00e9quip\u00e9e) et les nuits tranquilles au ch\u00e2teau un peu en retrait. Belles balades dans les environs.<\/p>\n<p><strong>Nicolas \u2013 France &#8211; Aout 2015<br \/>\n<\/strong>La Vie de Ch\u00e2teau !<br \/>\nUn superbe endroit en pleine nature o\u00f9 nous avons plaisir \u00e0 nous retrouver depuis plusieurs ann\u00e9es avec des couples d&rsquo;amis en famille. Une grande piscine qui fait la joie des enfants avec une vue sur le magnifique pont de Millau et une cuisine d&rsquo;\u00e9t\u00e9 tr\u00e8s appr\u00e9ci\u00e9e. Les alentours sont propices \u00e0 de belles randonn\u00e9es de tout genre. Un petit bonheur de vacances en famille et entre amis<\/p>\n<p><b>Claude \u2013 Canada- Ao\u00fbt 2014 &#8211;<br \/>\n<\/b>Merveilleux s\u00e9jour<b><br \/>\n<\/b>Nous avons eu un merveilleux s\u00e9jour \u00e0 la Caden\u00e8de. Vous avez une\u00a0 tr\u00e8s belle propri\u00e9t\u00e9 et vous pouvez \u00eatre tr\u00e8s fier de cette restauration. Un s\u00e9jour fabuleux pour nous tous. Nous avons \u00e9t\u00e9 tr\u00e8s satisfaits. Merci d&rsquo;avoir \u00e9t\u00e9 si accueillant. J\u2019esp\u00e8re que de nombreux autres voyageurs vont prochainement profiter de votre installation.\u00a0Ils ne seront pas d\u00e9\u00e7us.\u00a0 Encore, merci pour un merveilleux s\u00e9jour.<\/p>\n<p><strong>Patrick \u2013 France \u2013 Juillet 2014<\/strong><b> &#8211;<br \/>\n<\/b>Endroit exceptionnel<b><br \/>\n<\/b>Juste un petit mot pour vous dire notre joie \u00e0 propos du s\u00e9jour \u00e0 la Caden\u00e8de. Effectivement, m\u00eame si la m\u00e9t\u00e9o \u00e9tait franchement d\u00e9cevante, la magie du lieu et le bonheur d\u2019\u00eatre entre amis ont largement compens\u00e9. Nous gardons tous un souvenir lumineux de notre semaine et merci \u00e0 Jean-Louis et Robin qui ont \u00e9t\u00e9 d\u2019une gentillesse et d\u2019une hospitalit\u00e9 parfaite. Dans l\u2019espoir d\u2019y retourner un jour, je vous salue cordialement.<\/p>\n<p><b>Paul\u00a0 &#8211; UK\u00a0 &#8211; June 2014 &#8211;<br \/>\n<\/b>Walking and biking<b><br \/>\n<\/b>Apologies for the late reply as I only read this on my return and have had a busy first week back in the UK. \u00a0I hope you are well and wanted to say thanks anyway, for creating a very special place for us to holiday this year. We all enjoyed the chateau enormously and the wonderful weather we had definitely also helped! Thank you too for your hospitality and help, also to your son Robin and Jean-Louis for their warm welcome and assistance, it really helped us and made it a pleasure to stay in. We definitely hope to stay again soon!\u00a0 Thank you again and best wishes for the future,<\/p>\n<p><b>Susan \u2013 UK \u2013 May 2014 &#8211;<br \/>\n<\/b>Wonderful time<b><br \/>\n<\/b>I thought you might like this photo of my family taken the morning that we left the chateau.<br \/>\nWe are stood in age order, from Joshua who is 8 to my mother who is 82.<br \/>\nWe had a wonderful time and were amazed at the beautiful chateau. The accommodation and amenities were first class, we could not have had a better place to stay.<br \/>\nThe weather was very good to us, having only one cold miserable day, so we all returned home looking very tanned and healthy.<br \/>\nMany of us would like to return in the future, so you may well be hearing from me again.<br \/>\nThank you for everything.<\/p>\n<p><b>Karim \u2013 France &#8211; Mai 2014<\/b><b> &#8211;<br \/>\n<\/b>Belle tranche de vie dans un cadre idyllique\u00a0!<b><br \/>\n<\/b>20 ans apr\u00e8s notre sortie du lyc\u00e9e nous souhaitions nous r\u00e9unir pour nos 40 ans, mais avec nos femmes et enfants (37 personnes au total). La Caden\u00e8de nous a donn\u00e9 cette possibilit\u00e9. Le cadre est id\u00e9al, la b\u00e2tisse moderne, avec son chauffage central efficace et ses 8 sdb toutes refaites. Les enfants se sont amus\u00e9s en toute s\u00e9curit\u00e9, dans les nombreux espaces d\u00e9di\u00e9s pour eux. Enfin l&rsquo;espace piscine avec son superbe pool house permet de profiter pleinement du paysage panoramique avec vue sur le viaduc.<br \/>\nAllez y sans h\u00e9sitation!!!<\/p>\n<p><b>Ren\u00e9- Belgique \u2013 Avril 2014 &#8211;<br \/>\n<\/b>S\u00e9jour inoubliable<b><br \/>\n<\/b>Enfin j&rsquo;ai trouv\u00e9 le temps de vous \u00e9crire ces quelques mots.<br \/>\nNous sommes d\u00e9j\u00e0 trois semaines de retour en Belgique, mais nous avons \u00e9t\u00e9 envahis par diff\u00e9rents \u00e9v\u00e8nements, ce qui a caus\u00e9 le retard dans le pr\u00e9sent mail.<br \/>\nNous pensons encore tous les jours \u00e0 notre agr\u00e9able s\u00e9jour dans votre belle propri\u00e9t\u00e9 \u00e0 Millau.<br \/>\nNous avons pass\u00e9s de merveilleuses vacances avec nos enfants et nos petits enfants.<br \/>\nVotre gentil appel t\u00e9l\u00e9phonique, le chaleureux accueil par Jean-Louis et sa disponibilit\u00e9 permanente, l&rsquo;aimable visite de votre maman, ont rendu notre s\u00e9jour inoubliable.<br \/>\nLes petits-enfants nous ont d\u00e9j\u00e0 demand\u00e9 quand on retournera dans \u201cleur\u201d ch\u00e2teau ! Malgr\u00e9 le fait que la piscine n\u2019\u00e9tait pas chauff\u00e9e et que l\u2019aspirateur \u00e9tait d\u00e9fectueux, ils ont tous pleinement profit\u00e9 de l\u2019eau et du beau temps, des longues promenades, des chants autour du feu ouvert le soir etc..<br \/>\nMerci mille fois de nous avoir donn\u00e9 l\u2019occasion de se sentir un peu des chevaliers hospitaliers. Transmettez aussi svpl notre bonjour \u00e0 votre maman et \u00e0 Jean-Louis.<\/p>\n<p><b>Irina\u00a0 &#8211; Sweden\u00a0 &#8211; June 2013 &#8211;<br \/>\n<\/b>Gorgeous vacation<b><br \/>\n<\/b>Before arriving we thought Millau is a small village &#8211; not at all, has supermarkets, coffee shops, restaurants. The domain is up on a hill, with impressive views of the Millau viaduct.<br \/>\nThe bedrooms are each different, with good fitted bathrooms, as well as place to stay if by any chance the weather is bad. Each room is different and there are kitchens throughout. We spent most of the time in the outdoor kitchen by the pool.<br \/>\nThe hosts were very friendly and helped us with smaller of bigger issues that can came up with an old building; we had an electricity problem and they came very late at night and fixed it.<br \/>\nSurroundings are very interesting, lots to see around.<br \/>\nGood value for the money!<\/p>\n<p><strong>Marie-Claire\u2013 France \u2013 Novembre 2010<br \/>\n<\/strong>Nous nous sommes r\u00e9unis \u00e0 27( de 2 ans \u00e0 78 ans ) dans cette magnifique demeure pour c\u00e9l\u00e9brer les 50 ans de mariage de nos parents \u00e0 la Toussaint 2010. Le coin et la vue sont superbes. Tout le monde a \u00e9t\u00e9 enchant\u00e9, c\u00a0\u00bbest tr\u00e8s spacieux et chaleureux. Les propri\u00e9taires sont tr\u00e8s sympas, ils font tout pour vous rendre votre s\u00e9jour agr\u00e9able et vous donnent une quantit\u00e9 d\u00a0\u00bbadresses utiles (demandez Mr Fernandez il est g\u00e9nial).On esp\u00e8re tous y retourner.<\/p>\n<p><strong>Nadine \u00a0\u2013 France \u2013 Mai 2010<br \/>\n<\/strong>Nous venons de passer notre 4\u00e8me s\u00e9jour entre amis \u00e0 la Cad\u00e9n\u00e8de, c&rsquo;est toujours un grand plaisir de se retrouver dans ce cadre spacieux et magnifique. Il y a plein de choses \u00e0 faire dans le coin mais on peut aussi farnienter sur place, dans le calme, face \u00e0 la tr\u00e8s belle vue qui est offerte.<\/p>\n<p><strong>Anna \u2013 France \u2013 Mars 2010<br \/>\n<\/strong>Un superbe s\u00e9jour en bonne compagnie dans un milieu agr\u00e9able et f\u00e9erique. On prenait bien soin de nous, c\u00a0\u00bb\u00e9tait sympa et tout fonctionnait bien! Merci infiniment pour les vacances de r\u00e8ve! \ud83d\ude42<\/p>\n<h2><\/h2>\n<p>&nbsp;<\/p>\n<p>&nbsp;<\/p>\n","protected":false},"excerpt":{"rendered":"<p>Testimonies Sophie \u2013 UK-\u00a0 August 2017 I just wanted to say a massive thank you for our stay at La Cadenede, we all had&#8230;<\/p>\n","protected":false},"author":1,"featured_media":0,"parent":0,"menu_order":0,"comment_status":"open","ping_status":"open","template":"","meta":[],"_links":{"self":[{"href":"https:\/\/new.cadenede.com\/en\/wp-json\/wp\/v2\/pages\/22"}],"collection":[{"href":"https:\/\/new.cadenede.com\/en\/wp-json\/wp\/v2\/pages"}],"about":[{"href":"https:\/\/new.cadenede.com\/en\/wp-json\/wp\/v2\/types\/page"}],"author":[{"embeddable":true,"href":"https:\/\/new.cadenede.com\/en\/wp-json\/wp\/v2\/users\/1"}],"replies":[{"embeddable":true,"href":"https:\/\/new.cadenede.com\/en\/wp-json\/wp\/v2\/comments?post=22"}],"version-history":[{"count":15,"href":"https:\/\/new.cadenede.com\/en\/wp-json\/wp\/v2\/pages\/22\/revisions"}],"predecessor-version":[{"id":426,"href":"https:\/\/new.cadenede.com\/en\/wp-json\/wp\/v2\/pages\/22\/revisions\/426"}],"wp:attachment":[{"href":"https:\/\/new.cadenede.com\/en\/wp-json\/wp\/v2\/media?parent=22"}],"curies":[{"name":"wp","href":"https:\/\/api.w.org\/{rel}","templated":true}]}}