{"id":220,"date":"2014-09-19T17:07:02","date_gmt":"2014-09-19T16:07:02","guid":{"rendered":"http:\/\/www.cadenede.com\/v3\/?page_id=220"},"modified":"2017-09-25T21:11:29","modified_gmt":"2017-09-25T20:11:29","slug":"testimonial","status":"publish","type":"page","link":"http:\/\/new.cadenede.com\/en\/contact\/testimonial\/","title":{"rendered":"Testimonial"},"content":{"rendered":"<p><strong>Sophie &#8211; UK-\u00a0 August 2017<\/strong><\/p>\n<p>I just wanted to say a massive thank you for our stay at La Cadenede, we all had the most amazing time and the house was beautiful and perfect for the occasion! I couldn&rsquo;t have thought of a better place to spend my 21st birthday and end to our summer holidays!\u00a0 We went on some lovely bike rides and walks during the day and had nice dinners out by the pool! We loved it so much one of my friends is thinking of returning next summer for his 21st. We hope to return again soon!<\/p>\n<p>&nbsp;<\/p>\n<p><strong>Jacques\u00a0 &#8211; France &#8211;\u00a0 Avril 2017<br \/>\n<\/strong>Vraiment super et sans mauvaises surprises!<br \/>\nUn propri\u00e9taire vraiment sympa, des d\u00e9marches et des explications sans surprises. Conseils pratiques sur les lieux et la r\u00e9gion. Accueil et visite des lieux qui correspondent \u00e0 nos attentes. Nous \u00e9tions 20 adultes et 5 enfants avec chacun notre intimit\u00e9 dans le ch\u00e2teau. La salle de repas est fonctionnelle et bien \u00e9quip\u00e9e. La cuisine d&rsquo;\u00e9t\u00e9 devant la piscine nous a permis de passer des moments en ext\u00e9rieur vraiment super avec un paysage \u00e9poustouflant. La r\u00e9gion est pleine de surprises et offre de belles balades. Je recommande vraiment cette location en famille ou entre amis ce qui \u00e9tait notre cas. Un grand merci au propri\u00e9taire.<\/p>\n<p>&nbsp;<\/p>\n<p><b>Claude \u2013 Canada- Ao\u00fbt 2014 &#8211; Merveilleux s\u00e9jour<\/b><\/p>\n<p>Nous avons eu un merveilleux s\u00e9jour \u00e0 la Caden\u00e8de. Vous avez une\u00a0 tr\u00e8s belle propri\u00e9t\u00e9 et vous pouvez \u00eatre tr\u00e8s fier de cette restauration. Un s\u00e9jour fabuleux pour nous tous. Nous avons \u00e9t\u00e9 tr\u00e8s satisfaits. Merci d&rsquo;avoir \u00e9t\u00e9 si accueillant. J\u2019esp\u00e8re que de nombreux autres voyageurs vont prochainement profiter de votre installation.\u00a0Ils ne seront pas d\u00e9\u00e7us.\u00a0 Encore, merci pour un merveilleux s\u00e9jour.<\/p>\n<p>&nbsp;<\/p>\n<p><b>Patrick \u2013 France \u2013 Juillet 2014 &#8211; Endroit exceptionnel<\/b><\/p>\n<p>Juste un petit mot pour vous dire notre joie \u00e0 propos du s\u00e9jour \u00e0 la Caden\u00e8de. Effectivement, m\u00eame si la m\u00e9t\u00e9o \u00e9tait franchement d\u00e9cevante, la magie du lieu et le bonheur d\u2019\u00eatre entre amis ont largement compens\u00e9. Nous gardons tous un souvenir lumineux de notre semaine et merci \u00e0 Jean-Louis et Robin qui ont \u00e9t\u00e9 d\u2019une gentillesse et d\u2019une hospitalit\u00e9 parfaite. Dans l\u2019espoir d\u2019y retourner un jour, je vous salue cordialement.<\/p>\n<p><b>\u00a0<\/b><\/p>\n<p><b>Paul\u00a0 &#8211; UK\u00a0 &#8211; June 2014 &#8211; Walking and biking<\/b><\/p>\n<p>Apologies for the late reply as I only read this on my return and have had a busy first week back in the UK. \u00a0I hope you are well and wanted to say thanks anyway, for creating a very special place for us to holiday this year. We all enjoyed the chateau enormously and the wonderful weather we had definitely also helped! Thank you too for your hospitality and help, also to your son Robin and Jean-Louis for their warm welcome and assistance, it really helped us and made it a pleasure to stay in. We definitely hope to stay again soon!\u00a0 Thank you again and best wishes for the future,<\/p>\n<p>&nbsp;<\/p>\n<p><b>Susan \u2013 UK \u2013 May 2014 &#8211; Wonderful time<\/b><\/p>\n<p>I thought you might like this photo of my family taken the morning that we left the chateau.<br \/>\nWe are stood in age order, from Joshua who is 8 to my mother who is 82.<br \/>\nWe had a wonderful time and were amazed at the beautiful chateau. The accommodation and amenities were first class, we could not have had a better place to stay.<br \/>\nThe weather was very good to us, having only one cold miserable day, so we all returned home looking very tanned and healthy.<br \/>\nMany of us would like to return in the future, so you may well be hearing from me again.<br \/>\nThank you for everything.<\/p>\n<p>&nbsp;<\/p>\n<p><b>Karim \u2013 France &#8211; Mai 2014<\/b><b>\u00a0&#8211; Belle tranche de vie dans un cadre idyllique\u00a0!<\/b><\/p>\n<p>20 ans apr\u00e8s notre sortie du lyc\u00e9e nous souhaitions nous r\u00e9unir pour nos 40 ans, mais avec nos femmes et enfants (37 personnes au total). La Caden\u00e8de nous a donn\u00e9 cette possibilit\u00e9. Le cadre est id\u00e9al, la b\u00e2tisse moderne, avec son chauffage central efficace et ses 8 sdb toutes refaites. Les enfants se sont amus\u00e9s en toute s\u00e9curit\u00e9, dans les nombreux espaces d\u00e9di\u00e9s pour eux. Enfin l&rsquo;espace piscine avec son superbe pool house permet de profiter pleinement du paysage panoramique avec vue sur le viaduc.<br \/>\nAllez y sans h\u00e9sitation!!!<\/p>\n<p>&nbsp;<\/p>\n<p><b>Ren\u00e9- Belgique \u2013 Avril 2014 &#8211;\u00a0<\/b><b>S\u00e9jour inoubliable<\/b><b><\/b><\/p>\n<p>Enfin j&rsquo;ai trouv\u00e9 le temps de vous \u00e9crire ces quelques mots.<br \/>\nNous sommes d\u00e9j\u00e0 trois semaines de retour en Belgique, mais nous avons \u00e9t\u00e9 envahis par diff\u00e9rents \u00e9v\u00e8nements, ce qui a caus\u00e9 le retard dans le pr\u00e9sent mail.<br \/>\nNous pensons encore tous les jours \u00e0 notre agr\u00e9able s\u00e9jour dans votre belle propri\u00e9t\u00e9 \u00e0 Millau.<br \/>\nNous avons pass\u00e9s de merveilleuses vacances avec nos enfants et nos petits enfants.<br \/>\nVotre gentil appel t\u00e9l\u00e9phonique, le chaleureux accueil par Jean-Louis et sa disponibilit\u00e9 permanente, l&rsquo;aimable visite de votre maman, ont rendu notre s\u00e9jour inoubliable.<br \/>\nLes petits-enfants nous ont d\u00e9j\u00e0 demand\u00e9 quand on retournera dans \u201cleur\u201d ch\u00e2teau ! Malgr\u00e9 le fait que la piscine n\u2019\u00e9tait pas chauff\u00e9e et que l\u2019aspirateur \u00e9tait d\u00e9fectueux, ils ont tous pleinement profit\u00e9 de l\u2019eau et du beau temps, des longues promenades, des chants autour du feu ouvert le soir etc..<br \/>\nMerci mille fois de nous avoir donn\u00e9 l\u2019occasion de se sentir un peu des chevaliers hospitaliers. Transmettez aussi svpl notre bonjour \u00e0 votre maman et \u00e0 Jean-Louis.<\/p>\n<p>&nbsp;<\/p>\n<p><b>Irina\u00a0 &#8211; Sweden\u00a0 &#8211; June 2013 &#8211;\u00a0<\/b><b>Gorgeous vacation<\/b><b><\/b><\/p>\n<p>Before arriving we thought Millau is a small village &#8211; not at all, has supermarkets, coffee shops, restaurants. The domain is up on a hill, with impressive views of the Millau viaduct.<br \/>\nThe bedrooms are each different, with good fitted bathrooms, as well as place to stay if by any chance the weather is bad. Each room is different and there are kitchens throughout. We spent most of the time in the outdoor kitchen by the pool.<br \/>\nThe hosts were very friendly and helped us with smaller of bigger issues that can came up with an old building; we had an electricity problem and they came very late at night and fixed it.<br \/>\nSurroundings are very interesting, lots to see around.<br \/>\nGood value for the money!<\/p>\n<p>&nbsp;<\/p>\n","protected":false},"excerpt":{"rendered":"<p>Sophie &#8211; UK-\u00a0 August 2017 I just wanted to say a massive thank you for our stay at La Cadenede, we all had the&#8230;<\/p>\n","protected":false},"author":1,"featured_media":0,"parent":34,"menu_order":0,"comment_status":"open","ping_status":"open","template":"","meta":[],"_links":{"self":[{"href":"http:\/\/new.cadenede.com\/en\/wp-json\/wp\/v2\/pages\/220"}],"collection":[{"href":"http:\/\/new.cadenede.com\/en\/wp-json\/wp\/v2\/pages"}],"about":[{"href":"http:\/\/new.cadenede.com\/en\/wp-json\/wp\/v2\/types\/page"}],"author":[{"embeddable":true,"href":"http:\/\/new.cadenede.com\/en\/wp-json\/wp\/v2\/users\/1"}],"replies":[{"embeddable":true,"href":"http:\/\/new.cadenede.com\/en\/wp-json\/wp\/v2\/comments?post=220"}],"version-history":[{"count":4,"href":"http:\/\/new.cadenede.com\/en\/wp-json\/wp\/v2\/pages\/220\/revisions"}],"predecessor-version":[{"id":420,"href":"http:\/\/new.cadenede.com\/en\/wp-json\/wp\/v2\/pages\/220\/revisions\/420"}],"up":[{"embeddable":true,"href":"http:\/\/new.cadenede.com\/en\/wp-json\/wp\/v2\/pages\/34"}],"wp:attachment":[{"href":"http:\/\/new.cadenede.com\/en\/wp-json\/wp\/v2\/media?parent=220"}],"curies":[{"name":"wp","href":"https:\/\/api.w.org\/{rel}","templated":true}]}}